{"id":147,"date":"2025-07-05T00:51:46","date_gmt":"2025-07-04T22:51:46","guid":{"rendered":"https:\/\/www.navescolombia.com\/services\/"},"modified":"2026-02-12T18:22:43","modified_gmt":"2026-02-12T23:22:43","slug":"servicios","status":"publish","type":"page","link":"https:\/\/www.navescolombia.com\/en\/servicios\/","title":{"rendered":"Services"},"content":{"rendered":"\t\t<div data-elementor-type=\"wp-page\" data-elementor-id=\"147\" class=\"elementor elementor-147\">\n\t\t\t\t<div class=\"elementor-element elementor-element-90f8eb1 e-flex e-con-boxed e-con e-parent\" data-id=\"90f8eb1\" data-element_type=\"container\" data-e-type=\"container\" data-settings=\"{&quot;background_background&quot;:&quot;classic&quot;}\">\n\t\t\t\t\t<div class=\"e-con-inner\">\n\t\t<div class=\"elementor-element elementor-element-856adab e-con-full e-flex e-con e-child\" data-id=\"856adab\" data-element_type=\"container\" data-e-type=\"container\">\n\t\t\t\t<div class=\"elementor-element elementor-element-ca3e440 elementor-invisible elementor-widget elementor-widget-heading\" data-id=\"ca3e440\" data-element_type=\"widget\" data-e-type=\"widget\" data-settings=\"{&quot;_animation&quot;:&quot;zoomIn&quot;}\" data-widget_type=\"heading.default\">\n\t\t\t\t\t<h1 class=\"elementor-heading-title elementor-size-default\">Servicios<\/h1>\t\t\t\t<\/div>\n\t\t\t\t<\/div>\n\t\t\t\t\t<\/div>\n\t\t\t\t<\/div>\n\t\t<div class=\"elementor-element elementor-element-ed31b56 e-flex e-con-boxed e-con e-parent\" data-id=\"ed31b56\" data-element_type=\"container\" data-e-type=\"container\">\n\t\t\t\t\t<div class=\"e-con-inner\">\n\t\t\t\t<div class=\"elementor-element elementor-element-eeeb49a elementor-widget elementor-widget-spacer\" data-id=\"eeeb49a\" data-element_type=\"widget\" data-e-type=\"widget\" data-widget_type=\"spacer.default\">\n\t\t\t\t\t\t\t<div class=\"elementor-spacer\">\n\t\t\t<div class=\"elementor-spacer-inner\"><\/div>\n\t\t<\/div>\n\t\t\t\t\t\t<\/div>\n\t\t\t\t\t<\/div>\n\t\t\t\t<\/div>\n\t\t<div class=\"elementor-element elementor-element-629ecd6 elementor-hidden-tablet elementor-hidden-mobile e-flex e-con-boxed e-con e-parent\" data-id=\"629ecd6\" data-element_type=\"container\" data-e-type=\"container\" data-settings=\"{&quot;animation&quot;:&quot;none&quot;}\">\n\t\t\t\t\t<div class=\"e-con-inner\">\n\t\t<div class=\"elementor-element elementor-element-4edae90 e-con-full e-flex e-con e-child\" data-id=\"4edae90\" data-element_type=\"container\" data-e-type=\"container\" data-settings=\"{&quot;background_background&quot;:&quot;slideshow&quot;,&quot;background_slideshow_gallery&quot;:[{&quot;id&quot;:1659,&quot;url&quot;:&quot;https:\\\/\\\/www.navescolombia.com\\\/wp-content\\\/uploads\\\/2025\\\/07\\\/DSC00643-2-e1755192123546.jpg&quot;},{&quot;id&quot;:1349,&quot;url&quot;:&quot;https:\\\/\\\/www.navescolombia.com\\\/wp-content\\\/uploads\\\/2025\\\/07\\\/DSC00447-1-e1755192037328.jpg&quot;}],&quot;background_slideshow_slide_duration&quot;:3000,&quot;background_slideshow_loop&quot;:&quot;yes&quot;,&quot;background_slideshow_slide_transition&quot;:&quot;fade&quot;,&quot;background_slideshow_transition_duration&quot;:500}\">\n\t\t\t\t<\/div>\n\t\t\t\t\t<\/div>\n\t\t\t\t<\/div>\n\t\t<div class=\"elementor-element elementor-element-4dfe4c8 e-flex e-con-boxed e-con e-parent\" data-id=\"4dfe4c8\" data-element_type=\"container\" data-e-type=\"container\">\n\t\t\t\t\t<div class=\"e-con-inner\">\n\t\t\t\t<div class=\"elementor-element elementor-element-7e9dcd2 elementor-widget elementor-widget-spacer\" data-id=\"7e9dcd2\" data-element_type=\"widget\" data-e-type=\"widget\" data-widget_type=\"spacer.default\">\n\t\t\t\t\t\t\t<div class=\"elementor-spacer\">\n\t\t\t<div class=\"elementor-spacer-inner\"><\/div>\n\t\t<\/div>\n\t\t\t\t\t\t<\/div>\n\t\t\t\t\t<\/div>\n\t\t\t\t<\/div>\n\t\t<div class=\"elementor-element elementor-element-beaaea3 e-flex e-con-boxed e-con e-parent\" data-id=\"beaaea3\" data-element_type=\"container\" data-e-type=\"container\" data-settings=\"{&quot;background_background&quot;:&quot;classic&quot;,&quot;animation&quot;:&quot;none&quot;}\">\n\t\t\t\t\t<div class=\"e-con-inner\">\n\t\t<div class=\"elementor-element elementor-element-99f7722 e-con-full e-flex e-con e-child\" data-id=\"99f7722\" data-element_type=\"container\" data-e-type=\"container\">\n\t\t<div class=\"elementor-element elementor-element-a8b688b e-con-full e-flex elementor-invisible e-con e-child\" data-id=\"a8b688b\" data-element_type=\"container\" data-e-type=\"container\" data-settings=\"{&quot;animation&quot;:&quot;fadeInUp&quot;}\">\n\t\t<div class=\"elementor-element elementor-element-d9f9023 e-con-full e-transform e-flex e-con e-child\" data-id=\"d9f9023\" data-element_type=\"container\" data-e-type=\"container\" data-settings=\"{&quot;background_background&quot;:&quot;classic&quot;,&quot;_transform_scale_effect_hover&quot;:{&quot;unit&quot;:&quot;px&quot;,&quot;size&quot;:1.15,&quot;sizes&quot;:[]},&quot;_transform_scale_effect_hover_tablet&quot;:{&quot;unit&quot;:&quot;px&quot;,&quot;size&quot;:&quot;&quot;,&quot;sizes&quot;:[]},&quot;_transform_scale_effect_hover_mobile&quot;:{&quot;unit&quot;:&quot;px&quot;,&quot;size&quot;:&quot;&quot;,&quot;sizes&quot;:[]}}\">\n\t\t\t\t<div class=\"elementor-element elementor-element-28b1feb elementor-widget elementor-widget-image\" data-id=\"28b1feb\" data-element_type=\"widget\" data-e-type=\"widget\" data-widget_type=\"image.default\">\n\t\t\t\t\t\t\t\t\t\t\t\t\t\t\t<img fetchpriority=\"high\" decoding=\"async\" width=\"327\" height=\"327\" src=\"https:\/\/www.navescolombia.com\/wp-content\/uploads\/2025\/09\/WhatsApp-Image-2025-08-04-at-9.57.jpg\" class=\"attachment-large size-large wp-image-4638\" alt=\"\" srcset=\"https:\/\/www.navescolombia.com\/wp-content\/uploads\/2025\/09\/WhatsApp-Image-2025-08-04-at-9.57.jpg 327w, https:\/\/www.navescolombia.com\/wp-content\/uploads\/2025\/09\/WhatsApp-Image-2025-08-04-at-9.57-300x300.jpg 300w, https:\/\/www.navescolombia.com\/wp-content\/uploads\/2025\/09\/WhatsApp-Image-2025-08-04-at-9.57-150x150.jpg 150w, https:\/\/www.navescolombia.com\/wp-content\/uploads\/2025\/09\/WhatsApp-Image-2025-08-04-at-9.57-12x12.jpg 12w\" sizes=\"(max-width: 327px) 100vw, 327px\" \/>\t\t\t\t\t\t\t\t\t\t\t\t\t\t\t<\/div>\n\t\t\t\t<div class=\"elementor-element elementor-element-8a89f6f elementor-widget__width-initial elementor-invisible elementor-widget elementor-widget-image-box\" data-id=\"8a89f6f\" data-element_type=\"widget\" data-e-type=\"widget\" data-settings=\"{&quot;_animation&quot;:&quot;fadeInUp&quot;}\" data-widget_type=\"image-box.default\">\n\t\t\t\t\t<div class=\"elementor-image-box-wrapper\"><div class=\"elementor-image-box-content\"><h2 class=\"elementor-image-box-title\"><a href=\"https:\/\/www.navescolombia.com\/servicios\/agenciamiento-maritimo\/\">Agenciamiento Mar\u00edtimo<br><\/a><\/h2><\/div><\/div>\t\t\t\t<\/div>\n\t\t\t\t<div class=\"elementor-element elementor-element-480d944 elementor-align-center elementor-widget elementor-widget-button\" data-id=\"480d944\" data-element_type=\"widget\" data-e-type=\"widget\" data-widget_type=\"button.default\">\n\t\t\t\t\t\t\t\t\t\t<a class=\"elementor-button elementor-button-link elementor-size-sm\" href=\"https:\/\/www.navescolombia.com\/servicios\/agenciamiento-maritimo\/\">\n\t\t\t\t\t\t<span class=\"elementor-button-content-wrapper\">\n\t\t\t\t\t\t\t\t\t<span class=\"elementor-button-text\">Ver m\u00e1s<\/span>\n\t\t\t\t\t<\/span>\n\t\t\t\t\t<\/a>\n\t\t\t\t\t\t\t\t<\/div>\n\t\t\t\t<\/div>\n\t\t<div class=\"elementor-element elementor-element-1365c76 e-con-full e-transform e-flex e-con e-child\" data-id=\"1365c76\" data-element_type=\"container\" data-e-type=\"container\" data-settings=\"{&quot;background_background&quot;:&quot;classic&quot;,&quot;_transform_scale_effect_hover&quot;:{&quot;unit&quot;:&quot;px&quot;,&quot;size&quot;:1.15,&quot;sizes&quot;:[]},&quot;_transform_scale_effect_hover_tablet&quot;:{&quot;unit&quot;:&quot;px&quot;,&quot;size&quot;:&quot;&quot;,&quot;sizes&quot;:[]},&quot;_transform_scale_effect_hover_mobile&quot;:{&quot;unit&quot;:&quot;px&quot;,&quot;size&quot;:&quot;&quot;,&quot;sizes&quot;:[]}}\">\n\t\t\t\t<div class=\"elementor-element elementor-element-c7a7b0b elementor-widget elementor-widget-image\" data-id=\"c7a7b0b\" data-element_type=\"widget\" data-e-type=\"widget\" data-widget_type=\"image.default\">\n\t\t\t\t\t\t\t\t\t\t\t\t\t\t\t<img decoding=\"async\" width=\"327\" height=\"327\" src=\"https:\/\/www.navescolombia.com\/wp-content\/uploads\/2025\/09\/DSC00754.jpg\" class=\"attachment-large size-large wp-image-4637\" alt=\"\" srcset=\"https:\/\/www.navescolombia.com\/wp-content\/uploads\/2025\/09\/DSC00754.jpg 327w, https:\/\/www.navescolombia.com\/wp-content\/uploads\/2025\/09\/DSC00754-300x300.jpg 300w, https:\/\/www.navescolombia.com\/wp-content\/uploads\/2025\/09\/DSC00754-150x150.jpg 150w, https:\/\/www.navescolombia.com\/wp-content\/uploads\/2025\/09\/DSC00754-12x12.jpg 12w\" sizes=\"(max-width: 327px) 100vw, 327px\" \/>\t\t\t\t\t\t\t\t\t\t\t\t\t\t\t<\/div>\n\t\t\t\t<div class=\"elementor-element elementor-element-209e1be elementor-invisible elementor-widget elementor-widget-image-box\" data-id=\"209e1be\" data-element_type=\"widget\" data-e-type=\"widget\" data-settings=\"{&quot;_animation&quot;:&quot;fadeInUp&quot;}\" data-widget_type=\"image-box.default\">\n\t\t\t\t\t<div class=\"elementor-image-box-wrapper\"><div class=\"elementor-image-box-content\"><h2 class=\"elementor-image-box-title\"><a href=\"https:\/\/www.navescolombia.com\/servicios\/oil-gas\/\">Oil &amp; Gas<br><br><\/a><\/h2><\/div><\/div>\t\t\t\t<\/div>\n\t\t\t\t<div class=\"elementor-element elementor-element-de64f3d elementor-align-center elementor-widget elementor-widget-button\" data-id=\"de64f3d\" data-element_type=\"widget\" data-e-type=\"widget\" data-widget_type=\"button.default\">\n\t\t\t\t\t\t\t\t\t\t<a class=\"elementor-button elementor-button-link elementor-size-sm\" href=\"https:\/\/www.navescolombia.com\/servicios\/oil-gas\/\">\n\t\t\t\t\t\t<span class=\"elementor-button-content-wrapper\">\n\t\t\t\t\t\t\t\t\t<span class=\"elementor-button-text\">Ver m\u00e1s<\/span>\n\t\t\t\t\t<\/span>\n\t\t\t\t\t<\/a>\n\t\t\t\t\t\t\t\t<\/div>\n\t\t\t\t<\/div>\n\t\t<div class=\"elementor-element elementor-element-fbd3603 e-con-full e-transform e-flex e-con e-child\" data-id=\"fbd3603\" data-element_type=\"container\" data-e-type=\"container\" data-settings=\"{&quot;background_background&quot;:&quot;classic&quot;,&quot;_transform_scale_effect_hover&quot;:{&quot;unit&quot;:&quot;px&quot;,&quot;size&quot;:1.15,&quot;sizes&quot;:[]},&quot;_transform_scale_effect_hover_tablet&quot;:{&quot;unit&quot;:&quot;px&quot;,&quot;size&quot;:&quot;&quot;,&quot;sizes&quot;:[]},&quot;_transform_scale_effect_hover_mobile&quot;:{&quot;unit&quot;:&quot;px&quot;,&quot;size&quot;:&quot;&quot;,&quot;sizes&quot;:[]}}\">\n\t\t\t\t<div class=\"elementor-element elementor-element-91a8569 elementor-widget elementor-widget-image\" data-id=\"91a8569\" data-element_type=\"widget\" data-e-type=\"widget\" data-widget_type=\"image.default\">\n\t\t\t\t\t\t\t\t\t\t\t\t\t\t\t<img decoding=\"async\" width=\"327\" height=\"327\" src=\"https:\/\/www.navescolombia.com\/wp-content\/uploads\/2025\/09\/DSC00480.jpg\" class=\"attachment-large size-large wp-image-4636\" alt=\"\" srcset=\"https:\/\/www.navescolombia.com\/wp-content\/uploads\/2025\/09\/DSC00480.jpg 327w, https:\/\/www.navescolombia.com\/wp-content\/uploads\/2025\/09\/DSC00480-300x300.jpg 300w, https:\/\/www.navescolombia.com\/wp-content\/uploads\/2025\/09\/DSC00480-150x150.jpg 150w, https:\/\/www.navescolombia.com\/wp-content\/uploads\/2025\/09\/DSC00480-12x12.jpg 12w\" sizes=\"(max-width: 327px) 100vw, 327px\" \/>\t\t\t\t\t\t\t\t\t\t\t\t\t\t\t<\/div>\n\t\t\t\t<div class=\"elementor-element elementor-element-75aedc3 elementor-invisible elementor-widget elementor-widget-image-box\" data-id=\"75aedc3\" data-element_type=\"widget\" data-e-type=\"widget\" data-settings=\"{&quot;_animation&quot;:&quot;fadeInUp&quot;}\" data-widget_type=\"image-box.default\">\n\t\t\t\t\t<div class=\"elementor-image-box-wrapper\"><div class=\"elementor-image-box-content\"><h2 class=\"elementor-image-box-title\"><a href=\"https:\/\/www.navescolombia.com\/servicios\/representaciones-maritimas\/\">Representaciones Mar\u00edtimas<br><br><\/a><\/h2><\/div><\/div>\t\t\t\t<\/div>\n\t\t\t\t<div class=\"elementor-element elementor-element-35cd17a elementor-align-center elementor-widget elementor-widget-button\" data-id=\"35cd17a\" data-element_type=\"widget\" data-e-type=\"widget\" data-widget_type=\"button.default\">\n\t\t\t\t\t\t\t\t\t\t<a class=\"elementor-button elementor-button-link elementor-size-sm\" href=\"https:\/\/www.navescolombia.com\/servicios\/representaciones-maritimas\/\">\n\t\t\t\t\t\t<span class=\"elementor-button-content-wrapper\">\n\t\t\t\t\t\t\t\t\t<span class=\"elementor-button-text\">Ver m\u00e1s<\/span>\n\t\t\t\t\t<\/span>\n\t\t\t\t\t<\/a>\n\t\t\t\t\t\t\t\t<\/div>\n\t\t\t\t<\/div>\n\t\t\t\t<\/div>\n\t\t\t\t<div class=\"elementor-element elementor-element-e984958 elementor-widget elementor-widget-spacer\" data-id=\"e984958\" data-element_type=\"widget\" data-e-type=\"widget\" data-widget_type=\"spacer.default\">\n\t\t\t\t\t\t\t<div class=\"elementor-spacer\">\n\t\t\t<div class=\"elementor-spacer-inner\"><\/div>\n\t\t<\/div>\n\t\t\t\t\t\t<\/div>\n\t\t\t\t<\/div>\n\t\t\t\t\t<\/div>\n\t\t\t\t<\/div>\n\t\t<div class=\"elementor-element elementor-element-8735afc e-flex e-con-boxed e-con e-parent\" data-id=\"8735afc\" data-element_type=\"container\" data-e-type=\"container\">\n\t\t\t\t\t<div class=\"e-con-inner\">\n\t\t\t\t<div class=\"elementor-element elementor-element-48df722 elementor-widget elementor-widget-spacer\" data-id=\"48df722\" data-element_type=\"widget\" data-e-type=\"widget\" data-widget_type=\"spacer.default\">\n\t\t\t\t\t\t\t<div class=\"elementor-spacer\">\n\t\t\t<div class=\"elementor-spacer-inner\"><\/div>\n\t\t<\/div>\n\t\t\t\t\t\t<\/div>\n\t\t\t\t\t<\/div>\n\t\t\t\t<\/div>\n\t\t<div class=\"elementor-element elementor-element-bccf19a elementor-hidden-tablet elementor-hidden-mobile e-flex e-con-boxed e-con e-parent\" data-id=\"bccf19a\" data-element_type=\"container\" data-e-type=\"container\" data-settings=\"{&quot;background_background&quot;:&quot;classic&quot;}\">\n\t\t\t\t\t<div class=\"e-con-inner\">\n\t\t\t\t\t<\/div>\n\t\t\t\t<\/div>\n\t\t\t\t<\/div>\n\t\t","protected":false},"excerpt":{"rendered":"<p>Servicios Agenciamiento Mar\u00edtimo Ver m\u00e1s Oil &amp; Gas Ver m\u00e1s Representaciones Mar\u00edtimas Ver m\u00e1s<\/p>","protected":false},"author":1,"featured_media":0,"parent":0,"menu_order":0,"comment_status":"closed","ping_status":"closed","template":"","meta":{"site-sidebar-layout":"no-sidebar","site-content-layout":"page-builder","ast-site-content-layout":"default","site-content-style":"default","site-sidebar-style":"default","ast-global-header-display":"","ast-banner-title-visibility":"","ast-main-header-display":"","ast-hfb-above-header-display":"","ast-hfb-below-header-display":"","ast-hfb-mobile-header-display":"","site-post-title":"disabled","ast-breadcrumbs-content":"","ast-featured-img":"disabled","footer-sml-layout":"","theme-transparent-header-meta":"enabled","adv-header-id-meta":"","stick-header-meta":"","header-above-stick-meta":"","header-main-stick-meta":"","header-below-stick-meta":"","astra-migrate-meta-layouts":"default","ast-page-background-enabled":"default","ast-page-background-meta":{"desktop":{"background-color":"","background-image":"","background-repeat":"repeat","background-position":"center center","background-size":"auto","background-attachment":"scroll","background-type":"","background-media":"","overlay-type":"","overlay-color":"","overlay-opacity":"","overlay-gradient":""},"tablet":{"background-color":"","background-image":"","background-repeat":"repeat","background-position":"center center","background-size":"auto","background-attachment":"scroll","background-type":"","background-media":"","overlay-type":"","overlay-color":"","overlay-opacity":"","overlay-gradient":""},"mobile":{"background-color":"","background-image":"","background-repeat":"repeat","background-position":"center center","background-size":"auto","background-attachment":"scroll","background-type":"","background-media":"","overlay-type":"","overlay-color":"","overlay-opacity":"","overlay-gradient":""}},"ast-content-background-meta":{"desktop":{"background-color":"var(--ast-global-color-5)","background-image":"","background-repeat":"repeat","background-position":"center center","background-size":"auto","background-attachment":"scroll","background-type":"","background-media":"","overlay-type":"","overlay-color":"","overlay-opacity":"","overlay-gradient":""},"tablet":{"background-color":"var(--ast-global-color-5)","background-image":"","background-repeat":"repeat","background-position":"center center","background-size":"auto","background-attachment":"scroll","background-type":"","background-media":"","overlay-type":"","overlay-color":"","overlay-opacity":"","overlay-gradient":""},"mobile":{"background-color":"var(--ast-global-color-5)","background-image":"","background-repeat":"repeat","background-position":"center center","background-size":"auto","background-attachment":"scroll","background-type":"","background-media":"","overlay-type":"","overlay-color":"","overlay-opacity":"","overlay-gradient":""}},"_themeisle_gutenberg_block_has_review":false,"footnotes":""},"class_list":["post-147","page","type-page","status-publish","hentry"],"yoast_head":"<!-- This site is optimized with the Yoast SEO plugin v27.4 - https:\/\/yoast.com\/product\/yoast-seo-wordpress\/ -->\n<title>Servicios - Naves<\/title>\n<meta name=\"robots\" content=\"index, follow, max-snippet:-1, max-image-preview:large, max-video-preview:-1\" \/>\n<link rel=\"canonical\" href=\"https:\/\/www.navescolombia.com\/en\/servicios\/\" \/>\n<meta property=\"og:locale\" content=\"en_US\" \/>\n<meta property=\"og:type\" content=\"article\" \/>\n<meta property=\"og:title\" content=\"Servicios - Naves\" \/>\n<meta property=\"og:url\" content=\"https:\/\/www.navescolombia.com\/en\/servicios\/\" \/>\n<meta property=\"og:site_name\" content=\"Naves\" \/>\n<meta property=\"article:modified_time\" content=\"2026-02-12T23:22:43+00:00\" \/>\n<meta property=\"og:image\" content=\"https:\/\/www.navescolombia.com\/wp-content\/uploads\/2025\/09\/WhatsApp-Image-2025-08-04-at-9.57.jpg\" \/>\n\t<meta property=\"og:image:width\" content=\"327\" \/>\n\t<meta property=\"og:image:height\" content=\"327\" \/>\n\t<meta property=\"og:image:type\" content=\"image\/jpeg\" \/>\n<meta name=\"twitter:card\" content=\"summary_large_image\" \/>\n<meta name=\"twitter:label1\" content=\"Est. reading time\" \/>\n\t<meta name=\"twitter:data1\" content=\"1 minute\" \/>\n<script type=\"application\/ld+json\" class=\"yoast-schema-graph\">{\"@context\":\"https:\\\/\\\/schema.org\",\"@graph\":[{\"@type\":\"WebPage\",\"@id\":\"https:\\\/\\\/www.navescolombia.com\\\/servicios\\\/\",\"url\":\"https:\\\/\\\/www.navescolombia.com\\\/servicios\\\/\",\"name\":\"Servicios - Naves\",\"isPartOf\":{\"@id\":\"https:\\\/\\\/www.navescolombia.com\\\/#website\"},\"primaryImageOfPage\":{\"@id\":\"https:\\\/\\\/www.navescolombia.com\\\/servicios\\\/#primaryimage\"},\"image\":{\"@id\":\"https:\\\/\\\/www.navescolombia.com\\\/servicios\\\/#primaryimage\"},\"thumbnailUrl\":\"https:\\\/\\\/www.navescolombia.com\\\/wp-content\\\/uploads\\\/2025\\\/09\\\/WhatsApp-Image-2025-08-04-at-9.57.jpg\",\"datePublished\":\"2025-07-04T22:51:46+00:00\",\"dateModified\":\"2026-02-12T23:22:43+00:00\",\"breadcrumb\":{\"@id\":\"https:\\\/\\\/www.navescolombia.com\\\/servicios\\\/#breadcrumb\"},\"inLanguage\":\"en-US\",\"potentialAction\":[{\"@type\":\"ReadAction\",\"target\":[\"https:\\\/\\\/www.navescolombia.com\\\/servicios\\\/\"]}]},{\"@type\":\"ImageObject\",\"inLanguage\":\"en-US\",\"@id\":\"https:\\\/\\\/www.navescolombia.com\\\/servicios\\\/#primaryimage\",\"url\":\"https:\\\/\\\/www.navescolombia.com\\\/wp-content\\\/uploads\\\/2025\\\/09\\\/WhatsApp-Image-2025-08-04-at-9.57.jpg\",\"contentUrl\":\"https:\\\/\\\/www.navescolombia.com\\\/wp-content\\\/uploads\\\/2025\\\/09\\\/WhatsApp-Image-2025-08-04-at-9.57.jpg\"},{\"@type\":\"BreadcrumbList\",\"@id\":\"https:\\\/\\\/www.navescolombia.com\\\/servicios\\\/#breadcrumb\",\"itemListElement\":[{\"@type\":\"ListItem\",\"position\":1,\"name\":\"Portada\",\"item\":\"https:\\\/\\\/www.navescolombia.com\\\/\"},{\"@type\":\"ListItem\",\"position\":2,\"name\":\"Servicios\"}]},{\"@type\":\"WebSite\",\"@id\":\"https:\\\/\\\/www.navescolombia.com\\\/#website\",\"url\":\"https:\\\/\\\/www.navescolombia.com\\\/\",\"name\":\"Naves\",\"description\":\"Un Socio En Quien Confiar\",\"publisher\":{\"@id\":\"https:\\\/\\\/www.navescolombia.com\\\/#organization\"},\"potentialAction\":[{\"@type\":\"SearchAction\",\"target\":{\"@type\":\"EntryPoint\",\"urlTemplate\":\"https:\\\/\\\/www.navescolombia.com\\\/?s={search_term_string}\"},\"query-input\":{\"@type\":\"PropertyValueSpecification\",\"valueRequired\":true,\"valueName\":\"search_term_string\"}}],\"inLanguage\":\"en-US\"},{\"@type\":\"Organization\",\"@id\":\"https:\\\/\\\/www.navescolombia.com\\\/#organization\",\"name\":\"Naves\",\"url\":\"https:\\\/\\\/www.navescolombia.com\\\/\",\"logo\":{\"@type\":\"ImageObject\",\"inLanguage\":\"en-US\",\"@id\":\"https:\\\/\\\/www.navescolombia.com\\\/#\\\/schema\\\/logo\\\/image\\\/\",\"url\":\"https:\\\/\\\/www.navescolombia.com\\\/wp-content\\\/uploads\\\/2025\\\/07\\\/cropped-LOGO-BLANCO-ROO.png\",\"contentUrl\":\"https:\\\/\\\/www.navescolombia.com\\\/wp-content\\\/uploads\\\/2025\\\/07\\\/cropped-LOGO-BLANCO-ROO.png\",\"width\":2208,\"height\":457,\"caption\":\"Naves\"},\"image\":{\"@id\":\"https:\\\/\\\/www.navescolombia.com\\\/#\\\/schema\\\/logo\\\/image\\\/\"},\"sameAs\":[\"https:\\\/\\\/www.linkedin.com\\\/company\\\/naves-colombia-s-a\\\/\"]}]}<\/script>\n<!-- \/ Yoast SEO plugin. -->","yoast_head_json":{"title":"Servicios - Naves","robots":{"index":"index","follow":"follow","max-snippet":"max-snippet:-1","max-image-preview":"max-image-preview:large","max-video-preview":"max-video-preview:-1"},"canonical":"https:\/\/www.navescolombia.com\/en\/servicios\/","og_locale":"en_US","og_type":"article","og_title":"Servicios - Naves","og_url":"https:\/\/www.navescolombia.com\/en\/servicios\/","og_site_name":"Naves","article_modified_time":"2026-02-12T23:22:43+00:00","og_image":[{"width":327,"height":327,"url":"https:\/\/www.navescolombia.com\/wp-content\/uploads\/2025\/09\/WhatsApp-Image-2025-08-04-at-9.57.jpg","type":"image\/jpeg"}],"twitter_card":"summary_large_image","twitter_misc":{"Est. reading time":"1 minute"},"schema":{"@context":"https:\/\/schema.org","@graph":[{"@type":"WebPage","@id":"https:\/\/www.navescolombia.com\/servicios\/","url":"https:\/\/www.navescolombia.com\/servicios\/","name":"Servicios - Naves","isPartOf":{"@id":"https:\/\/www.navescolombia.com\/#website"},"primaryImageOfPage":{"@id":"https:\/\/www.navescolombia.com\/servicios\/#primaryimage"},"image":{"@id":"https:\/\/www.navescolombia.com\/servicios\/#primaryimage"},"thumbnailUrl":"https:\/\/www.navescolombia.com\/wp-content\/uploads\/2025\/09\/WhatsApp-Image-2025-08-04-at-9.57.jpg","datePublished":"2025-07-04T22:51:46+00:00","dateModified":"2026-02-12T23:22:43+00:00","breadcrumb":{"@id":"https:\/\/www.navescolombia.com\/servicios\/#breadcrumb"},"inLanguage":"en-US","potentialAction":[{"@type":"ReadAction","target":["https:\/\/www.navescolombia.com\/servicios\/"]}]},{"@type":"ImageObject","inLanguage":"en-US","@id":"https:\/\/www.navescolombia.com\/servicios\/#primaryimage","url":"https:\/\/www.navescolombia.com\/wp-content\/uploads\/2025\/09\/WhatsApp-Image-2025-08-04-at-9.57.jpg","contentUrl":"https:\/\/www.navescolombia.com\/wp-content\/uploads\/2025\/09\/WhatsApp-Image-2025-08-04-at-9.57.jpg"},{"@type":"BreadcrumbList","@id":"https:\/\/www.navescolombia.com\/servicios\/#breadcrumb","itemListElement":[{"@type":"ListItem","position":1,"name":"Portada","item":"https:\/\/www.navescolombia.com\/"},{"@type":"ListItem","position":2,"name":"Servicios"}]},{"@type":"WebSite","@id":"https:\/\/www.navescolombia.com\/#website","url":"https:\/\/www.navescolombia.com\/","name":"Naves","description":"A Trusted Partner","publisher":{"@id":"https:\/\/www.navescolombia.com\/#organization"},"potentialAction":[{"@type":"SearchAction","target":{"@type":"EntryPoint","urlTemplate":"https:\/\/www.navescolombia.com\/?s={search_term_string}"},"query-input":{"@type":"PropertyValueSpecification","valueRequired":true,"valueName":"search_term_string"}}],"inLanguage":"en-US"},{"@type":"Organization","@id":"https:\/\/www.navescolombia.com\/#organization","name":"Naves","url":"https:\/\/www.navescolombia.com\/","logo":{"@type":"ImageObject","inLanguage":"en-US","@id":"https:\/\/www.navescolombia.com\/#\/schema\/logo\/image\/","url":"https:\/\/www.navescolombia.com\/wp-content\/uploads\/2025\/07\/cropped-LOGO-BLANCO-ROO.png","contentUrl":"https:\/\/www.navescolombia.com\/wp-content\/uploads\/2025\/07\/cropped-LOGO-BLANCO-ROO.png","width":2208,"height":457,"caption":"Naves"},"image":{"@id":"https:\/\/www.navescolombia.com\/#\/schema\/logo\/image\/"},"sameAs":["https:\/\/www.linkedin.com\/company\/naves-colombia-s-a\/"]}]}},"_links":{"self":[{"href":"https:\/\/www.navescolombia.com\/en\/wp-json\/wp\/v2\/pages\/147","targetHints":{"allow":["GET"]}}],"collection":[{"href":"https:\/\/www.navescolombia.com\/en\/wp-json\/wp\/v2\/pages"}],"about":[{"href":"https:\/\/www.navescolombia.com\/en\/wp-json\/wp\/v2\/types\/page"}],"author":[{"embeddable":true,"href":"https:\/\/www.navescolombia.com\/en\/wp-json\/wp\/v2\/users\/1"}],"replies":[{"embeddable":true,"href":"https:\/\/www.navescolombia.com\/en\/wp-json\/wp\/v2\/comments?post=147"}],"version-history":[{"count":205,"href":"https:\/\/www.navescolombia.com\/en\/wp-json\/wp\/v2\/pages\/147\/revisions"}],"predecessor-version":[{"id":7021,"href":"https:\/\/www.navescolombia.com\/en\/wp-json\/wp\/v2\/pages\/147\/revisions\/7021"}],"wp:attachment":[{"href":"https:\/\/www.navescolombia.com\/en\/wp-json\/wp\/v2\/media?parent=147"}],"curies":[{"name":"wp","href":"https:\/\/api.w.org\/{rel}","templated":true}]}}